{"id":352,"date":"2020-12-29T13:01:58","date_gmt":"2020-12-29T12:01:58","guid":{"rendered":"https:\/\/clarapelletier.fr\/?page_id=352"},"modified":"2020-12-30T12:51:43","modified_gmt":"2020-12-30T11:51:43","slug":"contact","status":"publish","type":"page","link":"https:\/\/clarapelletier.fr\/en\/contact\/","title":{"rendered":"Contact"},"content":{"rendered":"<div data-elementor-type=\"wp-page\" data-elementor-id=\"352\" class=\"elementor elementor-352\">\n\t\t\t\t\t\t<div class=\"elementor-inner\">\n\t\t\t\t<div class=\"elementor-section-wrap\">\n\t\t\t\t\t\t\t\t\t<section class=\"elementor-section elementor-top-section elementor-element elementor-element-3e89ac3 elementor-section-boxed elementor-section-height-default elementor-section-height-default\" data-id=\"3e89ac3\" data-element_type=\"section\">\n\t\t\t\t\t\t<div class=\"elementor-container elementor-column-gap-default\">\n\t\t\t\t\t\t\t<div class=\"elementor-row\">\n\t\t\t\t\t<div class=\"elementor-column elementor-col-66 elementor-top-column elementor-element elementor-element-0e52323\" data-id=\"0e52323\" data-element_type=\"column\">\n\t\t\t<div class=\"elementor-column-wrap elementor-element-populated\">\n\t\t\t\t\t\t\t<div class=\"elementor-widget-wrap\">\n\t\t\t\t\t\t<div class=\"elementor-element elementor-element-aa41aa8 elementor-widget elementor-widget-image\" data-id=\"aa41aa8\" data-element_type=\"widget\" data-widget_type=\"image.default\">\n\t\t\t\t<div class=\"elementor-widget-container\">\n\t\t\t\t\t\t\t\t<div class=\"elementor-image\">\n\t\t\t\t\t\t\t\t\t\t\t\t<img width=\"1024\" height=\"683\" src=\"https:\/\/clarapelletier.fr\/wp-content\/uploads\/2020\/12\/Photo-1024x683.jpg\" class=\"attachment-large size-large wp-image-421\" alt=\"\" loading=\"lazy\" srcset=\"https:\/\/clarapelletier.fr\/wp-content\/uploads\/2020\/12\/Photo-1024x683.jpg 1024w, https:\/\/clarapelletier.fr\/wp-content\/uploads\/2020\/12\/Photo-scaled-600x400.jpg 600w, https:\/\/clarapelletier.fr\/wp-content\/uploads\/2020\/12\/Photo-300x200.jpg 300w, https:\/\/clarapelletier.fr\/wp-content\/uploads\/2020\/12\/Photo-768x512.jpg 768w, https:\/\/clarapelletier.fr\/wp-content\/uploads\/2020\/12\/Photo-1536x1024.jpg 1536w, https:\/\/clarapelletier.fr\/wp-content\/uploads\/2020\/12\/Photo-2048x1365.jpg 2048w, https:\/\/clarapelletier.fr\/wp-content\/uploads\/2020\/12\/Photo-16x12.jpg 16w\" sizes=\"(max-width: 1024px) 100vw, 1024px\" \/>\t\t\t\t\t\t\t\t\t\t\t\t\t\t<\/div>\n\t\t\t\t\t\t<\/div>\n\t\t\t\t<\/div>\n\t\t\t\t\t\t<\/div>\n\t\t\t\t\t<\/div>\n\t\t<\/div>\n\t\t\t\t<div class=\"elementor-column elementor-col-33 elementor-top-column elementor-element elementor-element-2addc4f\" data-id=\"2addc4f\" data-element_type=\"column\">\n\t\t\t<div class=\"elementor-column-wrap elementor-element-populated\">\n\t\t\t\t\t\t\t<div class=\"elementor-widget-wrap\">\n\t\t\t\t\t\t<div class=\"elementor-element elementor-element-90d837c elementor-widget elementor-widget-text-editor\" data-id=\"90d837c\" data-element_type=\"widget\" data-widget_type=\"text-editor.default\">\n\t\t\t\t<div class=\"elementor-widget-container\">\n\t\t\t\t\t\t\t\t<div class=\"elementor-text-editor elementor-clearfix\">\n\t\t\t\t<p><span style=\"font-weight: 400;\">Every morning I look at my mailbox, I hope to see your message there. I'm waiting for you to get started on this video project that looks so promising. Why don't you take the plunge? Why don't you hire a freelancer to accompany you in your project ?\u00a0<\/span><\/p><p><span style=\"font-weight: 400;\">But maybe you're not ready? Maybe you just want to discuss it? Have an additional opinion on the subject?\u00a0<\/span><\/p><p><span style=\"font-weight: 400;\">Anyway, know that I'm here, I'm waiting to hear from you.<\/span><\/p><p><span style=\"font-weight: 400;\">Kind regards,<\/span><\/p><p><span style=\"font-weight: 400;\">Clara Pelletier. <\/span><\/p>\t\t\t\t\t<\/div>\n\t\t\t\t\t\t<\/div>\n\t\t\t\t<\/div>\n\t\t\t\t<div class=\"elementor-element elementor-element-0cf72e8 elementor-widget-divider--view-line elementor-widget elementor-widget-divider\" data-id=\"0cf72e8\" data-element_type=\"widget\" data-widget_type=\"divider.default\">\n\t\t\t\t<div class=\"elementor-widget-container\">\n\t\t\t\t\t<div class=\"elementor-divider\">\n\t\t\t<span class=\"elementor-divider-separator\">\n\t\t\t\t\t\t<\/span>\n\t\t<\/div>\n\t\t\t\t<\/div>\n\t\t\t\t<\/div>\n\t\t\t\t<div class=\"elementor-element elementor-element-672a385 elementor-widget elementor-widget-heading\" data-id=\"672a385\" data-element_type=\"widget\" data-widget_type=\"heading.default\">\n\t\t\t\t<div class=\"elementor-widget-container\">\n\t\t\t<h2 class=\"elementor-heading-title elementor-size-default\">To contact me, it's this way:<\/h2>\t\t<\/div>\n\t\t\t\t<\/div>\n\t\t\t\t<div class=\"elementor-element elementor-element-908a5c9 elementor-align-left elementor-icon-list--layout-traditional elementor-list-item-link-full_width elementor-widget elementor-widget-icon-list\" data-id=\"908a5c9\" data-element_type=\"widget\" data-widget_type=\"icon-list.default\">\n\t\t\t\t<div class=\"elementor-widget-container\">\n\t\t\t\t\t<ul class=\"elementor-icon-list-items\">\n\t\t\t\t\t\t\t<li class=\"elementor-icon-list-item\">\n\t\t\t\t\t\t\t\t\t\t\t<span class=\"elementor-icon-list-icon\">\n\t\t\t\t\t\t\t<i aria-hidden=\"true\" class=\"far fa-envelope\"><\/i>\t\t\t\t\t\t<\/span>\n\t\t\t\t\t\t\t\t\t\t<span class=\"elementor-icon-list-text\">clara.pelletier@gmail.com<\/span>\n\t\t\t\t\t\t\t\t\t<\/li>\n\t\t\t\t\t\t\t\t<li class=\"elementor-icon-list-item\">\n\t\t\t\t\t\t\t\t\t\t\t<span class=\"elementor-icon-list-icon\">\n\t\t\t\t\t\t\t<i aria-hidden=\"true\" class=\"fas fa-phone\"><\/i>\t\t\t\t\t\t<\/span>\n\t\t\t\t\t\t\t\t\t\t<span class=\"elementor-icon-list-text\">+33 6 31 77 71 44<\/span>\n\t\t\t\t\t\t\t\t\t<\/li>\n\t\t\t\t\t\t<\/ul>\n\t\t\t\t<\/div>\n\t\t\t\t<\/div>\n\t\t\t\t\t\t<\/div>\n\t\t\t\t\t<\/div>\n\t\t<\/div>\n\t\t\t\t\t\t\t\t<\/div>\n\t\t\t\t\t<\/div>\n\t\t<\/section>\n\t\t\t\t<section class=\"elementor-section elementor-top-section elementor-element elementor-element-e7a606f elementor-section-boxed elementor-section-height-default elementor-section-height-default\" data-id=\"e7a606f\" data-element_type=\"section\">\n\t\t\t\t\t\t<div class=\"elementor-container elementor-column-gap-default\">\n\t\t\t\t\t\t\t<div class=\"elementor-row\">\n\t\t\t\t\t<div class=\"elementor-column elementor-col-100 elementor-top-column elementor-element elementor-element-13381df\" data-id=\"13381df\" data-element_type=\"column\">\n\t\t\t<div class=\"elementor-column-wrap\">\n\t\t\t\t\t\t\t<div class=\"elementor-widget-wrap\">\n\t\t\t\t\t\t\t\t<\/div>\n\t\t\t\t\t<\/div>\n\t\t<\/div>\n\t\t\t\t\t\t\t\t<\/div>\n\t\t\t\t\t<\/div>\n\t\t<\/section>\n\t\t\t\t<section class=\"elementor-section elementor-top-section elementor-element elementor-element-d8e2607 elementor-section-boxed elementor-section-height-default elementor-section-height-default\" data-id=\"d8e2607\" data-element_type=\"section\">\n\t\t\t\t\t\t<div class=\"elementor-container elementor-column-gap-default\">\n\t\t\t\t\t\t\t<div class=\"elementor-row\">\n\t\t\t\t\t<div class=\"elementor-column elementor-col-50 elementor-top-column elementor-element elementor-element-790788e\" data-id=\"790788e\" data-element_type=\"column\">\n\t\t\t<div class=\"elementor-column-wrap\">\n\t\t\t\t\t\t\t<div class=\"elementor-widget-wrap\">\n\t\t\t\t\t\t\t\t<\/div>\n\t\t\t\t\t<\/div>\n\t\t<\/div>\n\t\t\t\t<div class=\"elementor-column elementor-col-50 elementor-top-column elementor-element elementor-element-7b17157\" data-id=\"7b17157\" data-element_type=\"column\">\n\t\t\t<div class=\"elementor-column-wrap\">\n\t\t\t\t\t\t\t<div class=\"elementor-widget-wrap\">\n\t\t\t\t\t\t\t\t<\/div>\n\t\t\t\t\t<\/div>\n\t\t<\/div>\n\t\t\t\t\t\t\t\t<\/div>\n\t\t\t\t\t<\/div>\n\t\t<\/section>\n\t\t\t\t<section class=\"elementor-section elementor-top-section elementor-element elementor-element-3bd540f elementor-section-boxed elementor-section-height-default elementor-section-height-default\" data-id=\"3bd540f\" data-element_type=\"section\">\n\t\t\t\t\t\t<div class=\"elementor-container elementor-column-gap-default\">\n\t\t\t\t\t\t\t<div class=\"elementor-row\">\n\t\t\t\t\t<div class=\"elementor-column elementor-col-100 elementor-top-column elementor-element elementor-element-2e4ee99\" data-id=\"2e4ee99\" data-element_type=\"column\">\n\t\t\t<div class=\"elementor-column-wrap\">\n\t\t\t\t\t\t\t<div class=\"elementor-widget-wrap\">\n\t\t\t\t\t\t\t\t<\/div>\n\t\t\t\t\t<\/div>\n\t\t<\/div>\n\t\t\t\t\t\t\t\t<\/div>\n\t\t\t\t\t<\/div>\n\t\t<\/section>\n\t\t\t\t\t\t\t\t\t<\/div>\n\t\t\t<\/div>\n\t\t\t\t\t<\/div>","protected":false},"excerpt":{"rendered":"<p>Chaque matin je regarde ma bo\u00eete mail, j\u2019esp\u00e8re y voir votre message. J\u2019attends que vous vous lanciez dans ce projet vid\u00e9o qui \u00e0 l\u2019air si prometteur. Et si vous sautiez le pas ? Si vous faisiez appel \u00e0 une freelance pour vous accompagner dans votre projet ?\u00a0 Mais peut \u00eatre n\u2019\u00eates vous pas pr\u00eat ? [&hellip;]<\/p>","protected":false},"author":1,"featured_media":0,"parent":0,"menu_order":0,"comment_status":"closed","ping_status":"closed","template":"","meta":{"ocean_post_layout":"","ocean_both_sidebars_style":"","ocean_both_sidebars_content_width":0,"ocean_both_sidebars_sidebars_width":0,"ocean_sidebar":"0","ocean_second_sidebar":"0","ocean_disable_margins":"enable","ocean_add_body_class":"","ocean_shortcode_before_top_bar":"","ocean_shortcode_after_top_bar":"","ocean_shortcode_before_header":"","ocean_shortcode_after_header":"","ocean_has_shortcode":"","ocean_shortcode_after_title":"","ocean_shortcode_before_footer_widgets":"","ocean_shortcode_after_footer_widgets":"","ocean_shortcode_before_footer_bottom":"","ocean_shortcode_after_footer_bottom":"","ocean_display_top_bar":"default","ocean_display_header":"default","ocean_header_style":"","ocean_center_header_left_menu":"0","ocean_custom_header_template":"0","ocean_custom_logo":0,"ocean_custom_retina_logo":0,"ocean_custom_logo_max_width":0,"ocean_custom_logo_tablet_max_width":0,"ocean_custom_logo_mobile_max_width":0,"ocean_custom_logo_max_height":0,"ocean_custom_logo_tablet_max_height":0,"ocean_custom_logo_mobile_max_height":0,"ocean_header_custom_menu":"0","ocean_menu_typo_font_family":"0","ocean_menu_typo_font_subset":"","ocean_menu_typo_font_size":0,"ocean_menu_typo_font_size_tablet":0,"ocean_menu_typo_font_size_mobile":0,"ocean_menu_typo_font_size_unit":"px","ocean_menu_typo_font_weight":"","ocean_menu_typo_font_weight_tablet":"","ocean_menu_typo_font_weight_mobile":"","ocean_menu_typo_transform":"","ocean_menu_typo_transform_tablet":"","ocean_menu_typo_transform_mobile":"","ocean_menu_typo_line_height":0,"ocean_menu_typo_line_height_tablet":0,"ocean_menu_typo_line_height_mobile":0,"ocean_menu_typo_line_height_unit":"","ocean_menu_typo_spacing":0,"ocean_menu_typo_spacing_tablet":0,"ocean_menu_typo_spacing_mobile":0,"ocean_menu_typo_spacing_unit":"","ocean_menu_link_color":"","ocean_menu_link_color_hover":"","ocean_menu_link_color_active":"","ocean_menu_link_background":"","ocean_menu_link_hover_background":"","ocean_menu_link_active_background":"","ocean_menu_social_links_bg":"","ocean_menu_social_hover_links_bg":"","ocean_menu_social_links_color":"","ocean_menu_social_hover_links_color":"","ocean_disable_title":"default","ocean_disable_heading":"default","ocean_post_title":"","ocean_post_subheading":"","ocean_post_title_style":"","ocean_post_title_background_color":"","ocean_post_title_background":0,"ocean_post_title_bg_image_position":"","ocean_post_title_bg_image_attachment":"","ocean_post_title_bg_image_repeat":"","ocean_post_title_bg_image_size":"","ocean_post_title_height":0,"ocean_post_title_bg_overlay":0.5,"ocean_post_title_bg_overlay_color":"","ocean_disable_breadcrumbs":"default","ocean_breadcrumbs_color":"","ocean_breadcrumbs_separator_color":"","ocean_breadcrumbs_links_color":"","ocean_breadcrumbs_links_hover_color":"","ocean_display_footer_widgets":"default","ocean_display_footer_bottom":"default","ocean_custom_footer_template":"0"},"yoast_head":"<!-- This site is optimized with the Yoast SEO plugin v18.3 - https:\/\/yoast.com\/wordpress\/plugins\/seo\/ -->\n<title>Contact - Clara Pelletier - Freelance - Creative strategist - Bordeaux<\/title>\n<meta name=\"robots\" content=\"index, follow, max-snippet:-1, max-image-preview:large, max-video-preview:-1\" \/>\n<link rel=\"canonical\" href=\"https:\/\/clarapelletier.fr\/en\/contact\/\" \/>\n<meta property=\"og:locale\" content=\"en_GB\" \/>\n<meta property=\"og:type\" content=\"article\" \/>\n<meta property=\"og:title\" content=\"Contact - Clara Pelletier - Freelance - Creative strategist - Bordeaux\" \/>\n<meta property=\"og:description\" content=\"Chaque matin je regarde ma bo\u00eete mail, j\u2019esp\u00e8re y voir votre message. J\u2019attends que vous vous lanciez dans ce projet vid\u00e9o qui \u00e0 l\u2019air si prometteur. Et si vous sautiez le pas ? Si vous faisiez appel \u00e0 une freelance pour vous accompagner dans votre projet ?\u00a0 Mais peut \u00eatre n\u2019\u00eates vous pas pr\u00eat ? [&hellip;]\" \/>\n<meta property=\"og:url\" content=\"https:\/\/clarapelletier.fr\/en\/contact\/\" \/>\n<meta property=\"og:site_name\" content=\"Clara Pelletier - Freelance - Creative strategist - Bordeaux\" \/>\n<meta property=\"article:modified_time\" content=\"2020-12-30T11:51:43+00:00\" \/>\n<meta property=\"og:image\" content=\"https:\/\/clarapelletier.fr\/wp-content\/uploads\/2020\/12\/Photo-1024x683.jpg\" \/>\n<meta name=\"twitter:card\" content=\"summary_large_image\" \/>\n<script type=\"application\/ld+json\" class=\"yoast-schema-graph\">{\"@context\":\"https:\/\/schema.org\",\"@graph\":[{\"@type\":\"Organization\",\"@id\":\"https:\/\/clarapelletier.fr\/#organization\",\"name\":\"Clara Freelance Motion designer\",\"url\":\"https:\/\/clarapelletier.fr\/\",\"sameAs\":[\"https:\/\/www.instagram.com\/clara_motion\/\",\"https:\/\/www.linkedin.com\/in\/clara-pelletier\/\"],\"logo\":{\"@type\":\"ImageObject\",\"@id\":\"https:\/\/clarapelletier.fr\/#logo\",\"inLanguage\":\"en-GB\",\"url\":\"https:\/\/clarapelletier.fr\/wp-content\/uploads\/2020\/11\/logo-couleur-fondblanc_1500px.png\",\"contentUrl\":\"https:\/\/clarapelletier.fr\/wp-content\/uploads\/2020\/11\/logo-couleur-fondblanc_1500px.png\",\"width\":1492,\"height\":1492,\"caption\":\"Clara Freelance Motion designer\"},\"image\":{\"@id\":\"https:\/\/clarapelletier.fr\/#logo\"}},{\"@type\":\"WebSite\",\"@id\":\"https:\/\/clarapelletier.fr\/#website\",\"url\":\"https:\/\/clarapelletier.fr\/\",\"name\":\"Clara Pelletier - Freelance - Creative strategist - Bordeaux\",\"description\":\"Creative strategist freelance \u00e0 Bordeaux. Je con\u00e7ois des strat\u00e9gies cr\u00e9atives et des vid\u00e9os percutantes pour booster votre visibilit\u00e9.\",\"publisher\":{\"@id\":\"https:\/\/clarapelletier.fr\/#organization\"},\"potentialAction\":[{\"@type\":\"SearchAction\",\"target\":{\"@type\":\"EntryPoint\",\"urlTemplate\":\"https:\/\/clarapelletier.fr\/?s={search_term_string}\"},\"query-input\":\"required name=search_term_string\"}],\"inLanguage\":\"en-GB\"},{\"@type\":\"ImageObject\",\"@id\":\"https:\/\/clarapelletier.fr\/contact\/#primaryimage\",\"inLanguage\":\"en-GB\",\"url\":\"https:\/\/clarapelletier.fr\/wp-content\/uploads\/2020\/12\/Photo-1024x683.jpg\",\"contentUrl\":\"https:\/\/clarapelletier.fr\/wp-content\/uploads\/2020\/12\/Photo-1024x683.jpg\"},{\"@type\":\"WebPage\",\"@id\":\"https:\/\/clarapelletier.fr\/contact\/#webpage\",\"url\":\"https:\/\/clarapelletier.fr\/contact\/\",\"name\":\"Contact - Clara Pelletier - Freelance - Creative strategist - Bordeaux\",\"isPartOf\":{\"@id\":\"https:\/\/clarapelletier.fr\/#website\"},\"primaryImageOfPage\":{\"@id\":\"https:\/\/clarapelletier.fr\/contact\/#primaryimage\"},\"datePublished\":\"2020-12-29T12:01:58+00:00\",\"dateModified\":\"2020-12-30T11:51:43+00:00\",\"breadcrumb\":{\"@id\":\"https:\/\/clarapelletier.fr\/contact\/#breadcrumb\"},\"inLanguage\":\"en-GB\",\"potentialAction\":[{\"@type\":\"ReadAction\",\"target\":[\"https:\/\/clarapelletier.fr\/contact\/\"]}]},{\"@type\":\"BreadcrumbList\",\"@id\":\"https:\/\/clarapelletier.fr\/contact\/#breadcrumb\",\"itemListElement\":[{\"@type\":\"ListItem\",\"position\":1,\"name\":\"Accueil\",\"item\":\"https:\/\/clarapelletier.fr\/\"},{\"@type\":\"ListItem\",\"position\":2,\"name\":\"Contact\"}]}]}<\/script>\n<!-- \/ Yoast SEO plugin. -->","yoast_head_json":{"title":"Contact - Clara Pelletier - Freelance - Creative strategist - Bordeaux","robots":{"index":"index","follow":"follow","max-snippet":"max-snippet:-1","max-image-preview":"max-image-preview:large","max-video-preview":"max-video-preview:-1"},"canonical":"https:\/\/clarapelletier.fr\/en\/contact\/","og_locale":"en_GB","og_type":"article","og_title":"Contact - Clara Pelletier - Freelance - Creative strategist - Bordeaux","og_description":"Chaque matin je regarde ma bo\u00eete mail, j\u2019esp\u00e8re y voir votre message. J\u2019attends que vous vous lanciez dans ce projet vid\u00e9o qui \u00e0 l\u2019air si prometteur. Et si vous sautiez le pas ? Si vous faisiez appel \u00e0 une freelance pour vous accompagner dans votre projet ?\u00a0 Mais peut \u00eatre n\u2019\u00eates vous pas pr\u00eat ? [&hellip;]","og_url":"https:\/\/clarapelletier.fr\/en\/contact\/","og_site_name":"Clara Pelletier - Freelance - Creative strategist - Bordeaux","article_modified_time":"2020-12-30T11:51:43+00:00","og_image":[{"url":"https:\/\/clarapelletier.fr\/wp-content\/uploads\/2020\/12\/Photo-1024x683.jpg"}],"twitter_card":"summary_large_image","schema":{"@context":"https:\/\/schema.org","@graph":[{"@type":"Organization","@id":"https:\/\/clarapelletier.fr\/#organization","name":"Clara Freelance Motion designer","url":"https:\/\/clarapelletier.fr\/","sameAs":["https:\/\/www.instagram.com\/clara_motion\/","https:\/\/www.linkedin.com\/in\/clara-pelletier\/"],"logo":{"@type":"ImageObject","@id":"https:\/\/clarapelletier.fr\/#logo","inLanguage":"en-GB","url":"https:\/\/clarapelletier.fr\/wp-content\/uploads\/2020\/11\/logo-couleur-fondblanc_1500px.png","contentUrl":"https:\/\/clarapelletier.fr\/wp-content\/uploads\/2020\/11\/logo-couleur-fondblanc_1500px.png","width":1492,"height":1492,"caption":"Clara Freelance Motion designer"},"image":{"@id":"https:\/\/clarapelletier.fr\/#logo"}},{"@type":"WebSite","@id":"https:\/\/clarapelletier.fr\/#website","url":"https:\/\/clarapelletier.fr\/","name":"Clara Pelletier - Freelance - Creative strategist - Bordeaux","description":"Creative strategist freelance \u00e0 Bordeaux. Je con\u00e7ois des strat\u00e9gies cr\u00e9atives et des vid\u00e9os percutantes pour booster votre visibilit\u00e9.","publisher":{"@id":"https:\/\/clarapelletier.fr\/#organization"},"potentialAction":[{"@type":"SearchAction","target":{"@type":"EntryPoint","urlTemplate":"https:\/\/clarapelletier.fr\/?s={search_term_string}"},"query-input":"required name=search_term_string"}],"inLanguage":"en-GB"},{"@type":"ImageObject","@id":"https:\/\/clarapelletier.fr\/contact\/#primaryimage","inLanguage":"en-GB","url":"https:\/\/clarapelletier.fr\/wp-content\/uploads\/2020\/12\/Photo-1024x683.jpg","contentUrl":"https:\/\/clarapelletier.fr\/wp-content\/uploads\/2020\/12\/Photo-1024x683.jpg"},{"@type":"WebPage","@id":"https:\/\/clarapelletier.fr\/contact\/#webpage","url":"https:\/\/clarapelletier.fr\/contact\/","name":"Contact - Clara Pelletier - Freelance - Creative strategist - Bordeaux","isPartOf":{"@id":"https:\/\/clarapelletier.fr\/#website"},"primaryImageOfPage":{"@id":"https:\/\/clarapelletier.fr\/contact\/#primaryimage"},"datePublished":"2020-12-29T12:01:58+00:00","dateModified":"2020-12-30T11:51:43+00:00","breadcrumb":{"@id":"https:\/\/clarapelletier.fr\/contact\/#breadcrumb"},"inLanguage":"en-GB","potentialAction":[{"@type":"ReadAction","target":["https:\/\/clarapelletier.fr\/contact\/"]}]},{"@type":"BreadcrumbList","@id":"https:\/\/clarapelletier.fr\/contact\/#breadcrumb","itemListElement":[{"@type":"ListItem","position":1,"name":"Accueil","item":"https:\/\/clarapelletier.fr\/"},{"@type":"ListItem","position":2,"name":"Contact"}]}]}},"_links":{"self":[{"href":"https:\/\/clarapelletier.fr\/en\/wp-json\/wp\/v2\/pages\/352"}],"collection":[{"href":"https:\/\/clarapelletier.fr\/en\/wp-json\/wp\/v2\/pages"}],"about":[{"href":"https:\/\/clarapelletier.fr\/en\/wp-json\/wp\/v2\/types\/page"}],"author":[{"embeddable":true,"href":"https:\/\/clarapelletier.fr\/en\/wp-json\/wp\/v2\/users\/1"}],"replies":[{"embeddable":true,"href":"https:\/\/clarapelletier.fr\/en\/wp-json\/wp\/v2\/comments?post=352"}],"version-history":[{"count":31,"href":"https:\/\/clarapelletier.fr\/en\/wp-json\/wp\/v2\/pages\/352\/revisions"}],"predecessor-version":[{"id":597,"href":"https:\/\/clarapelletier.fr\/en\/wp-json\/wp\/v2\/pages\/352\/revisions\/597"}],"wp:attachment":[{"href":"https:\/\/clarapelletier.fr\/en\/wp-json\/wp\/v2\/media?parent=352"}],"curies":[{"name":"wp","href":"https:\/\/api.w.org\/{rel}","templated":true}]}}